{"id":2306,"date":"2025-03-17T18:35:54","date_gmt":"2025-03-17T17:35:54","guid":{"rendered":"https:\/\/ideagro.es\/?page_id=2306"},"modified":"2025-03-17T18:35:57","modified_gmt":"2025-03-17T17:35:57","slug":"politica-de-privacidad","status":"publish","type":"page","link":"https:\/\/ideagro.es\/pt\/politica-de-privacidad\/","title":{"rendered":"pol\u00edtica de Privacidade"},"content":{"rendered":"<h2 class=\"wp-block-heading\">QUEM \u00c9 RESPONS\u00c1VEL PELO PROCESSAMENTO DOS SEUS DADOS?<\/h2>\n\n\n\n<p>\u2022 O CONTROLADOR dos seus dados \u00e9: Investigaci\u00f3n y Desarrollo De Ensayos Agroalimentarios SL<br>\u2022 CIF: B73729592<br>\u2022 Endere\u00e7o postal: Castillo de Monteagudo, 13, Edif. Ofialia, Escrit\u00f3rio: 7-15, 30564, Lorqu\u00ed, M\u00farcia<br>\u2022 E-mail: info@ideagro.es<\/p>\n\n\n\n<h2 class=\"wp-block-heading\">QUE TIPO DE DADOS PROCESSAMOS?<\/h2>\n\n\n\n<p>Dependendo dos servi\u00e7os ou recursos que voc\u00ea deseja aproveitar em um determinado momento, precisaremos processar determinados dados. Em geral, esses dados ser\u00e3o, dependendo do caso, os seguintes:<br>\u2022 Suas informa\u00e7\u00f5es de identifica\u00e7\u00e3o (por exemplo: seu nome, sobrenome, idioma, pa\u00eds de onde voc\u00ea interage conosco, informa\u00e7\u00f5es de contato, etc.)<br>\u2022 Dados de conex\u00e3o, geolocaliza\u00e7\u00e3o e navega\u00e7\u00e3o (se voc\u00ea interagir conosco pelo seu celular, por exemplo).<br>\u2022 Informa\u00e7\u00f5es comerciais se voc\u00ea estiver inscrito em nossa newsletter.<br>\u2022 Dados sobre seus gostos e prefer\u00eancias.<br>Observe que, quando solicitamos que voc\u00ea forne\u00e7a suas informa\u00e7\u00f5es pessoais para fornecer acesso a um recurso ou servi\u00e7o do site, marcaremos alguns campos como obrigat\u00f3rios, pois essas informa\u00e7\u00f5es s\u00e3o necess\u00e1rias para fornecer o servi\u00e7o ou acesso ao recurso em quest\u00e3o.<\/p>\n\n\n\n<p><br>Observe que se voc\u00ea optar por n\u00e3o nos fornecer essas informa\u00e7\u00f5es, talvez n\u00e3o consiga concluir seu registro de usu\u00e1rio ou aproveitar esses servi\u00e7os ou recursos.<\/p>\n\n\n\n<h2 class=\"wp-block-heading\">PARA QUE FINALIDADE PROCESSAMOS SEUS DADOS PESSOAIS?<\/h2>\n\n\n\n<p>Dependendo de como voc\u00ea interage com nosso site, processaremos seus dados pessoais para os seguintes prop\u00f3sitos:<\/p>\n\n\n\n<ol class=\"wp-block-list\">\n<li><strong>Para responder a solicita\u00e7\u00f5es ou solicita\u00e7\u00f5es que voc\u00ea fizer atrav\u00e9s dos diversos meios incorporados em nosso site.<\/strong> Processamos apenas dados pessoais estritamente necess\u00e1rios para gerenciar ou resolver sua solicita\u00e7\u00e3o ou solicita\u00e7\u00e3o.<\/li>\n\n\n\n<li><strong>Para gerenciamento de m\u00eddia social<\/strong>. Se voc\u00ea nos seguir ou entrar em contato conosco atrav\u00e9s das diversas redes sociais nas quais operamos, processaremos os dados que voc\u00ea nos fornecer por meio delas. com o \u00fanico prop\u00f3sito de responder \u00e0s suas mensagens ou coment\u00e1rios e gerenciar nossa lista de contatos.<\/li>\n\n\n\n<li><strong>An\u00e1lise de usabilidade e qualidade para melhorar nossos servi\u00e7os (Cookies)<\/strong>. Se voc\u00ea acessar nossa Plataforma, informamos que processaremos seus dados de navega\u00e7\u00e3o para fins anal\u00edticos e estat\u00edsticos, ou seja, para entender como os usu\u00e1rios interagem com nossa Plataforma e assim poder fazer melhorias na mesma. Da mesma forma, ocasionalmente realizamos atividades de garantia de qualidade e pesquisas para determinar o n\u00edvel de satisfa\u00e7\u00e3o de nossos clientes e usu\u00e1rios e identificar \u00e1reas onde podemos melhorar.<\/li>\n<\/ol>\n\n\n\n<h2 class=\"wp-block-heading\">QUAL A LEGITIMA\u00c7\u00c3O PARA O TRATAMENTO DOS SEUS DADOS?<\/h2>\n\n\n\n<p>A base legal que nos permite processar seus dados pessoais tamb\u00e9m depende da finalidade para a qual os processamos. Encontraremos diferentes bases legais baseadas nas seguintes finalidades:<\/p>\n\n\n\n<ol class=\"wp-block-list\">\n<li><strong>Aten\u00e7\u00e3o pedidos de informa\u00e7\u00e3o.<br><\/strong>A base legal para o tratamento dos seus dados \u00e9 o consentimento informado para responder \u00e0s perguntas enviadas atrav\u00e9s do site, o que implica a aceita\u00e7\u00e3o destas condi\u00e7\u00f5es pelo titular dos dados.<\/li>\n\n\n\n<li><strong>Redes sociais<br><\/strong>A base de legitimidade \u00e9 o consentimento informado para responder \u00e0s perguntas enviadas por meio da rede social, bem como o momento em que voc\u00ea nos segue e deseja ser adicionado \u00e0 nossa lista de contatos.<\/li>\n\n\n\n<li><strong>An\u00e1lise de usabilidade e qualidade (Cookies)<br><\/strong>Consentimento do usu\u00e1rio para a implementa\u00e7\u00e3o de cookies.<\/li>\n<\/ol>\n\n\n\n<h2 class=\"wp-block-heading\">POR QUANTO TEMPO MANTEREMOS SEUS DADOS?<\/h2>\n\n\n\n<ol class=\"wp-block-list\">\n<li><strong>Solicita\u00e7\u00e3o de informa\u00e7\u00f5es.<br><\/strong>Processaremos seus dados pelo tempo necess\u00e1rio para atender sua solicita\u00e7\u00e3o ou aplica\u00e7\u00e3o e por 1 ano depois disso.<\/li>\n\n\n\n<li><strong>Redes sociais<br><\/strong>Processaremos seus dados pelo tempo necess\u00e1rio para atender sua solicita\u00e7\u00e3o ou aplica\u00e7\u00e3o e enquanto voc\u00ea seguir nosso perfil.<\/li>\n<\/ol>\n\n\n\n<h2 class=\"wp-block-heading\">COMPARTILHAREMOS SEUS DADOS COM TERCEIROS?<\/h2>\n\n\n\n<p>Os dados pessoais n\u00e3o ser\u00e3o transferidos ou comunicados a terceiros, a menos que: por obriga\u00e7\u00e3o legal, obtenhamos seu consentimento expresso, ou entendamos que h\u00e1 um interesse leg\u00edtimo de nossa parte, o qual ser\u00e1 devidamente comunicado a voc\u00ea.<br>Entretanto, informamos que estamos presentes nas seguintes redes sociais: Facebook, LinkedIn, Twitter e YouTube, para manter nossos seguidores informados sobre novidades e servi\u00e7os da empresa.<br>Voc\u00ea pode acessar essas redes sociais voluntariamente atrav\u00e9s dos links dispon\u00edveis no pr\u00f3prio site ou acessando-as diretamente e por conta pr\u00f3pria a partir do seu navegador ou aplicativo instalado.<br>Voc\u00ea deve saber que este site n\u00e3o se responsabiliza pelo uso de dados que essas redes sociais possam fazer. No entanto, quando esses dados forem gerados na rede social e resultarem de uma intera\u00e7\u00e3o com nossa conta oficial, seremos solidariamente respons\u00e1veis pelo processamento junto com a rede social.<\/p>\n\n\n\n<h2 class=\"wp-block-heading\">QUAIS S\u00c3O SEUS DIREITOS QUANDO VOC\u00ca NOS FORNECE SEUS DADOS?<\/h2>\n\n\n\n<p>Estamos comprometidos em respeitar a confidencialidade dos seus dados pessoais e garantir que voc\u00ea possa exercer seus direitos.<br>Voc\u00ea pode exercer esses direitos gratuitamente enviando-nos um e-mail para info@ideagro.es, informando apenas o motivo da sua solicita\u00e7\u00e3o e o direito que deseja exercer.<br>Se considerarmos necess\u00e1rio identific\u00e1-lo, poderemos solicitar uma c\u00f3pia de um documento que comprove sua identidade. Em particular, independentemente da finalidade ou base legal na qual processamos seus dados, voc\u00ea tem o direito de:<br>Solicite acesso aos seus dados que mantemos.<br>Pe\u00e7a-nos para retificar os dados que j\u00e1 temos. Observe que, ao nos fornecer ativamente seus dados pessoais por qualquer meio, voc\u00ea garante que eles s\u00e3o verdadeiros e precisos e concorda em nos notificar sobre quaisquer altera\u00e7\u00f5es ou modifica\u00e7\u00f5es.<br>Voc\u00ea pode solicitar que excluamos seus dados se eles n\u00e3o forem mais necess\u00e1rios para os prop\u00f3sitos para os quais precisamos process\u00e1-los, conforme informado anteriormente, ou se n\u00e3o tivermos mais autoridade legal para faz\u00ea-lo.<br>Voc\u00ea pode nos pedir para restringir o processamento dos seus dados, o que significa que em certos casos voc\u00ea pode nos pedir para suspender temporariamente o processamento dos seus dados ou ret\u00ea-los por mais tempo do que o necess\u00e1rio, quando voc\u00ea precisar deles. Se voc\u00ea nos deu seu consentimento para processar seus dados para qualquer finalidade, voc\u00ea tamb\u00e9m tem o direito de retir\u00e1-lo a qualquer momento.<br>Receber quaisquer dados pessoais relativos a voc\u00ea que voc\u00ea nos forneceu em um formato estruturado, comumente usado e leg\u00edvel por m\u00e1quina, e transmiti-los a outro controlador de dados.<br>Al\u00e9m disso, quando o processamento dos seus dados for baseado em nosso interesse leg\u00edtimo, voc\u00ea tamb\u00e9m tem o direito de se opor ao processamento dos seus dados.<br>Por fim, informamos sobre seu direito de apresentar uma reclama\u00e7\u00e3o \u00e0 autoridade supervisora de prote\u00e7\u00e3o de dados competente, em especial \u00e0 Ag\u00eancia Espanhola de Prote\u00e7\u00e3o de Dados. <a href=\"https:\/\/www.agpd.es\/portalwebAGPD\/index-ides-idphp.php\" target=\"_blank\" rel=\"noopener\">https:\/\/www.agpd.es\/portalwebAGPD\/index-ides-idphp.php<\/a><\/p>\n\n\n\n<h2 class=\"wp-block-heading\">ALTERA\u00c7\u00d5ES NA POL\u00cdTICA DE PRIVACIDADE.<\/h2>\n\n\n\n<p>Podemos modificar as informa\u00e7\u00f5es contidas nesta Pol\u00edtica de Privacidade a qualquer momento que julgarmos apropriado. Se fizermos isso, notificaremos voc\u00ea por v\u00e1rios meios na Plataforma, ou at\u00e9 mesmo por e-mail, quando a altera\u00e7\u00e3o em quest\u00e3o for significativa para sua privacidade, para que voc\u00ea possa revisar as altera\u00e7\u00f5es, avali\u00e1-las e, se apropriado, contestar ou cancelar a assinatura de qualquer servi\u00e7o ou recurso.<\/p>\n\n\n\n<h2 class=\"wp-block-heading\">INFORMA\u00c7\u00d5ES SOBRE COOKIES<\/h2>\n\n\n\n<p>Utilizamos cookies e dispositivos semelhantes para facilitar sua navega\u00e7\u00e3o na Plataforma, entender como voc\u00ea interage conosco e, em certos casos, exibir publicidade com base em seus h\u00e1bitos de navega\u00e7\u00e3o. Leia nossa Pol\u00edtica de Cookies para saber mais sobre os cookies e dispositivos semelhantes que usamos, suas finalidades e outras informa\u00e7\u00f5es de interesse.<\/p>","protected":false},"excerpt":{"rendered":"<p>\u00bfQUI\u00c9N ES EL RESPONSABLE DEL TRATAMIENTO DE SUS DATOS? \u2022 RESPONSABLE DEL TRATAMIENTO de sus datos es: Investigaci\u00f3n y Desarrollo De Ensayos Agroalimentarios S.L.\u2022 CIF: B73729592\u2022 Direcci\u00f3n Postal: Castillo de Monteagudo, 13, Edif. Ofialia, Ofi: 7-15, 30564, Lorqu\u00ed, Murcia\u2022 Correo electr\u00f3nico: info@ideagro.es \u00bfQU\u00c9 TIPO DE DATOS TRATAMOS? Dependiendo de los servicios o funcionalidades de los [&hellip;]<\/p>","protected":false},"author":6,"featured_media":0,"parent":0,"menu_order":0,"comment_status":"closed","ping_status":"closed","template":"","meta":{"rank_math_lock_modified_date":false,"inline_featured_image":false,"footnotes":""},"class_list":["post-2306","page","type-page","status-publish","hentry"],"rankMath":{"parentDomain":"ideagro.es","noFollowDomains":[],"noFollowExcludeDomains":[],"noFollowExternalLinks":false,"featuredImageNotice":"The featured image should be at least 200 by 200 pixels to be picked up by Facebook and other social media sites.","pluginReviewed":false,"postSettings":{"linkSuggestions":true,"useFocusKeyword":false},"frontEndScore":false,"postName":"politica-de-privacidad","permalinkFormat":"https:\/\/ideagro.es\/pt\/%pagename%\/","showLockModifiedDate":true,"assessor":{"focusKeywordLink":"https:\/\/ideagro.es\/wp-admin\/edit.php?focus_keyword=%focus_keyword%&post_type=%post_type%","hasTOCPlugin":true,"primaryTaxonomy":false,"serpData":{"title":"","description":"","focusKeywords":"","pillarContent":false,"canonicalUrl":"","breadcrumbTitle":"","advancedRobots":[],"facebookTitle":"","facebookDescription":"","facebookImage":"","facebookImageID":"","facebookHasOverlay":false,"facebookImageOverlay":"","facebookAuthor":"","twitterCardType":"","twitterUseFacebook":true,"twitterTitle":"","twitterDescription":"","twitterImage":"","twitterImageID":"","twitterHasOverlay":false,"twitterImageOverlay":"","twitterPlayerUrl":"","twitterPlayerSize":"","twitterPlayerStream":"","twitterPlayerStreamCtype":"","twitterAppDescription":"","twitterAppIphoneName":"","twitterAppIphoneID":"","twitterAppIphoneUrl":"","twitterAppIpadName":"","twitterAppIpadID":"","twitterAppIpadUrl":"","twitterAppGoogleplayName":"","twitterAppGoogleplayID":"","twitterAppGoogleplayUrl":"","twitterAppCountry":"","robots":{"index":true},"twitterAuthor":"username","primaryTerm":0,"authorName":"idAgroAdmin","titleTemplate":"%title% %sep% %sitename%","descriptionTemplate":"%excerpt%","showScoreFrontend":true,"lockModifiedDate":false},"powerWords":[],"diacritics":{"A":"[\\u0041\\u24B6\\uFF21\\u00C0\\u00C1\\u00C2\\u1EA6\\u1EA4\\u1EAA\\u1EA8\\u00C3\\u0100\\u0102\\u1EB0\\u1EAE\\u1EB4\\u1EB2\\u0226\\u01E0\\u00C4\\u01DE\\u1EA2\\u00C5\\u01FA\\u01CD\\u0200\\u0202\\u1EA0\\u1EAC\\u1EB6\\u1E00\\u0104\\u023A\\u2C6F]","AA":"[\\uA732]","AE":"[\\u00C6\\u01FC\\u01E2]","AO":"[\\uA734]","AU":"[\\uA736]","AV":"[\\uA738\\uA73A]","AY":"[\\uA73C]","B":"[\\u0042\\u24B7\\uFF22\\u1E02\\u1E04\\u1E06\\u0243\\u0182\\u0181]","C":"[\\u0043\\u24B8\\uFF23\\u0106\\u0108\\u010A\\u010C\\u00C7\\u1E08\\u0187\\u023B\\uA73E]","D":"[\\u0044\\u24B9\\uFF24\\u1E0A\\u010E\\u1E0C\\u1E10\\u1E12\\u1E0E\\u0110\\u018B\\u018A\\u0189\\uA779]","DZ":"[\\u01F1\\u01C4]","Dz":"[\\u01F2\\u01C5]","E":"[\\u0045\\u24BA\\uFF25\\u00C8\\u00C9\\u00CA\\u1EC0\\u1EBE\\u1EC4\\u1EC2\\u1EBC\\u0112\\u1E14\\u1E16\\u0114\\u0116\\u00CB\\u1EBA\\u011A\\u0204\\u0206\\u1EB8\\u1EC6\\u0228\\u1E1C\\u0118\\u1E18\\u1E1A\\u0190\\u018E]","F":"[\\u0046\\u24BB\\uFF26\\u1E1E\\u0191\\uA77B]","G":"[\\u0047\\u24BC\\uFF27\\u01F4\\u011C\\u1E20\\u011E\\u0120\\u01E6\\u0122\\u01E4\\u0193\\uA7A0\\uA77D\\uA77E]","H":"[\\u0048\\u24BD\\uFF28\\u0124\\u1E22\\u1E26\\u021E\\u1E24\\u1E28\\u1E2A\\u0126\\u2C67\\u2C75\\uA78D]","I":"[\\u0049\\u24BE\\uFF29\\u00CC\\u00CD\\u00CE\\u0128\\u012A\\u012C\\u0130\\u00CF\\u1E2E\\u1EC8\\u01CF\\u0208\\u020A\\u1ECA\\u012E\\u1E2C\\u0197]","J":"[\\u004A\\u24BF\\uFF2A\\u0134\\u0248]","K":"[\\u004B\\u24C0\\uFF2B\\u1E30\\u01E8\\u1E32\\u0136\\u1E34\\u0198\\u2C69\\uA740\\uA742\\uA744\\uA7A2]","L":"[\\u004C\\u24C1\\uFF2C\\u013F\\u0139\\u013D\\u1E36\\u1E38\\u013B\\u1E3C\\u1E3A\\u0141\\u023D\\u2C62\\u2C60\\uA748\\uA746\\uA780]","LJ":"[\\u01C7]","Lj":"[\\u01C8]","M":"[\\u004D\\u24C2\\uFF2D\\u1E3E\\u1E40\\u1E42\\u2C6E\\u019C]","N":"[\\u004E\\u24C3\\uFF2E\\u01F8\\u0143\\u00D1\\u1E44\\u0147\\u1E46\\u0145\\u1E4A\\u1E48\\u0220\\u019D\\uA790\\uA7A4]","NJ":"[\\u01CA]","Nj":"[\\u01CB]","O":"[\\u004F\\u24C4\\uFF2F\\u00D2\\u00D3\\u00D4\\u1ED2\\u1ED0\\u1ED6\\u1ED4\\u00D5\\u1E4C\\u022C\\u1E4E\\u014C\\u1E50\\u1E52\\u014E\\u022E\\u0230\\u00D6\\u022A\\u1ECE\\u0150\\u01D1\\u020C\\u020E\\u01A0\\u1EDC\\u1EDA\\u1EE0\\u1EDE\\u1EE2\\u1ECC\\u1ED8\\u01EA\\u01EC\\u00D8\\u01FE\\u0186\\u019F\\uA74A\\uA74C]","OI":"[\\u01A2]","OO":"[\\uA74E]","OU":"[\\u0222]","P":"[\\u0050\\u24C5\\uFF30\\u1E54\\u1E56\\u01A4\\u2C63\\uA750\\uA752\\uA754]","Q":"[\\u0051\\u24C6\\uFF31\\uA756\\uA758\\u024A]","R":"[\\u0052\\u24C7\\uFF32\\u0154\\u1E58\\u0158\\u0210\\u0212\\u1E5A\\u1E5C\\u0156\\u1E5E\\u024C\\u2C64\\uA75A\\uA7A6\\uA782]","S":"[\\u0053\\u24C8\\uFF33\\u1E9E\\u015A\\u1E64\\u015C\\u1E60\\u0160\\u1E66\\u1E62\\u1E68\\u0218\\u015E\\u2C7E\\uA7A8\\uA784]","T":"[\\u0054\\u24C9\\uFF34\\u1E6A\\u0164\\u1E6C\\u021A\\u0162\\u1E70\\u1E6E\\u0166\\u01AC\\u01AE\\u023E\\uA786]","TZ":"[\\uA728]","U":"[\\u0055\\u24CA\\uFF35\\u00D9\\u00DA\\u00DB\\u0168\\u1E78\\u016A\\u1E7A\\u016C\\u00DC\\u01DB\\u01D7\\u01D5\\u01D9\\u1EE6\\u016E\\u0170\\u01D3\\u0214\\u0216\\u01AF\\u1EEA\\u1EE8\\u1EEE\\u1EEC\\u1EF0\\u1EE4\\u1E72\\u0172\\u1E76\\u1E74\\u0244]","V":"[\\u0056\\u24CB\\uFF36\\u1E7C\\u1E7E\\u01B2\\uA75E\\u0245]","VY":"[\\uA760]","W":"[\\u0057\\u24CC\\uFF37\\u1E80\\u1E82\\u0174\\u1E86\\u1E84\\u1E88\\u2C72]","X":"[\\u0058\\u24CD\\uFF38\\u1E8A\\u1E8C]","Y":"[\\u0059\\u24CE\\uFF39\\u1EF2\\u00DD\\u0176\\u1EF8\\u0232\\u1E8E\\u0178\\u1EF6\\u1EF4\\u01B3\\u024E\\u1EFE]","Z":"[\\u005A\\u24CF\\uFF3A\\u0179\\u1E90\\u017B\\u017D\\u1E92\\u1E94\\u01B5\\u0224\\u2C7F\\u2C6B\\uA762]","a":"[\\u0061\\u24D0\\uFF41\\u1E9A\\u00E0\\u00E1\\u00E2\\u1EA7\\u1EA5\\u1EAB\\u1EA9\\u00E3\\u0101\\u0103\\u1EB1\\u1EAF\\u1EB5\\u1EB3\\u0227\\u01E1\\u00E4\\u01DF\\u1EA3\\u00E5\\u01FB\\u01CE\\u0201\\u0203\\u1EA1\\u1EAD\\u1EB7\\u1E01\\u0105\\u2C65\\u0250]","aa":"[\\uA733]","ae":"[\\u00E6\\u01FD\\u01E3]","ao":"[\\uA735]","au":"[\\uA737]","av":"[\\uA739\\uA73B]","ay":"[\\uA73D]","b":"[\\u0062\\u24D1\\uFF42\\u1E03\\u1E05\\u1E07\\u0180\\u0183\\u0253]","c":"[\\u0063\\u24D2\\uFF43\\u0107\\u0109\\u010B\\u010D\\u00E7\\u1E09\\u0188\\u023C\\uA73F\\u2184]","d":"[\\u0064\\u24D3\\uFF44\\u1E0B\\u010F\\u1E0D\\u1E11\\u1E13\\u1E0F\\u0111\\u018C\\u0256\\u0257\\uA77A]","dz":"[\\u01F3\\u01C6]","e":"[\\u0065\\u24D4\\uFF45\\u00E8\\u00E9\\u00EA\\u1EC1\\u1EBF\\u1EC5\\u1EC3\\u1EBD\\u0113\\u1E15\\u1E17\\u0115\\u0117\\u00EB\\u1EBB\\u011B\\u0205\\u0207\\u1EB9\\u1EC7\\u0229\\u1E1D\\u0119\\u1E19\\u1E1B\\u0247\\u025B\\u01DD]","f":"[\\u0066\\u24D5\\uFF46\\u1E1F\\u0192\\uA77C]","g":"[\\u0067\\u24D6\\uFF47\\u01F5\\u011D\\u1E21\\u011F\\u0121\\u01E7\\u0123\\u01E5\\u0260\\uA7A1\\u1D79\\uA77F]","h":"[\\u0068\\u24D7\\uFF48\\u0125\\u1E23\\u1E27\\u021F\\u1E25\\u1E29\\u1E2B\\u1E96\\u0127\\u2C68\\u2C76\\u0265]","hv":"[\\u0195]","i":"[\\u0069\\u24D8\\uFF49\\u00EC\\u00ED\\u00EE\\u0129\\u012B\\u012D\\u00EF\\u1E2F\\u1EC9\\u01D0\\u0209\\u020B\\u1ECB\\u012F\\u1E2D\\u0268\\u0131]","j":"[\\u006A\\u24D9\\uFF4A\\u0135\\u01F0\\u0249]","k":"[\\u006B\\u24DA\\uFF4B\\u1E31\\u01E9\\u1E33\\u0137\\u1E35\\u0199\\u2C6A\\uA741\\uA743\\uA745\\uA7A3]","l":"[\\u006C\\u24DB\\uFF4C\\u0140\\u013A\\u013E\\u1E37\\u1E39\\u013C\\u1E3D\\u1E3B\\u017F\\u0142\\u019A\\u026B\\u2C61\\uA749\\uA781\\uA747]","lj":"[\\u01C9]","m":"[\\u006D\\u24DC\\uFF4D\\u1E3F\\u1E41\\u1E43\\u0271\\u026F]","n":"[\\u006E\\u24DD\\uFF4E\\u01F9\\u0144\\u00F1\\u1E45\\u0148\\u1E47\\u0146\\u1E4B\\u1E49\\u019E\\u0272\\u0149\\uA791\\uA7A5]","nj":"[\\u01CC]","o":"[\\u006F\\u24DE\\uFF4F\\u00F2\\u00F3\\u00F4\\u1ED3\\u1ED1\\u1ED7\\u1ED5\\u00F5\\u1E4D\\u022D\\u1E4F\\u014D\\u1E51\\u1E53\\u014F\\u022F\\u0231\\u00F6\\u022B\\u1ECF\\u0151\\u01D2\\u020D\\u020F\\u01A1\\u1EDD\\u1EDB\\u1EE1\\u1EDF\\u1EE3\\u1ECD\\u1ED9\\u01EB\\u01ED\\u00F8\\u01FF\\u0254\\uA74B\\uA74D\\u0275]","oi":"[\\u01A3]","ou":"[\\u0223]","oo":"[\\uA74F]","p":"[\\u0070\\u24DF\\uFF50\\u1E55\\u1E57\\u01A5\\u1D7D\\uA751\\uA753\\uA755]","q":"[\\u0071\\u24E0\\uFF51\\u024B\\uA757\\uA759]","r":"[\\u0072\\u24E1\\uFF52\\u0155\\u1E59\\u0159\\u0211\\u0213\\u1E5B\\u1E5D\\u0157\\u1E5F\\u024D\\u027D\\uA75B\\uA7A7\\uA783]","s":"[\\u0073\\u24E2\\uFF53\\u015B\\u1E65\\u015D\\u1E61\\u0161\\u1E67\\u1E63\\u1E69\\u0219\\u015F\\u023F\\uA7A9\\uA785\\u1E9B]","ss":"[\\u00DF]","t":"[\\u0074\\u24E3\\uFF54\\u1E6B\\u1E97\\u0165\\u1E6D\\u021B\\u0163\\u1E71\\u1E6F\\u0167\\u01AD\\u0288\\u2C66\\uA787]","tz":"[\\uA729]","u":"[\\u0075\\u24E4\\uFF55\\u00F9\\u00FA\\u00FB\\u0169\\u1E79\\u016B\\u1E7B\\u016D\\u00FC\\u01DC\\u01D8\\u01D6\\u01DA\\u1EE7\\u016F\\u0171\\u01D4\\u0215\\u0217\\u01B0\\u1EEB\\u1EE9\\u1EEF\\u1EED\\u1EF1\\u1EE5\\u1E73\\u0173\\u1E77\\u1E75\\u0289]","v":"[\\u0076\\u24E5\\uFF56\\u1E7D\\u1E7F\\u028B\\uA75F\\u028C]","vy":"[\\uA761]","w":"[\\u0077\\u24E6\\uFF57\\u1E81\\u1E83\\u0175\\u1E87\\u1E85\\u1E98\\u1E89\\u2C73]","x":"[\\u0078\\u24E7\\uFF58\\u1E8B\\u1E8D]","y":"[\\u0079\\u24E8\\uFF59\\u1EF3\\u00FD\\u0177\\u1EF9\\u0233\\u1E8F\\u00FF\\u1EF7\\u1E99\\u1EF5\\u01B4\\u024F\\u1EFF]","z":"[\\u007A\\u24E9\\uFF5A\\u017A\\u1E91\\u017C\\u017E\\u1E93\\u1E95\\u01B6\\u0225\\u0240\\u2C6C\\uA763]"},"researchesTests":["contentHasTOC","contentHasShortParagraphs","contentHasAssets","keywordInTitle","keywordInMetaDescription","keywordInPermalink","keywordIn10Percent","keywordInContent","keywordInSubheadings","keywordInImageAlt","keywordDensity","keywordNotUsed","lengthContent","lengthPermalink","linksHasInternal","linksHasExternals","linksNotAllExternals","titleStartWithKeyword","titleSentiment","titleHasPowerWords","titleHasNumber","hasContentAI"],"hasRedirection":false,"hasBreadcrumb":false},"homeUrl":"https:\/\/ideagro.es\/pt","objectID":2306,"objectType":"post","locale":"pt","localeFull":"pt_PT","overlayImages":{"play":{"name":"Play icon","url":"https:\/\/ideagro.es\/wp-content\/plugins\/seo-by-rank-math\/assets\/admin\/img\/icon-play.png","path":"\/var\/www\/vhosts\/ideagro.es\/httpdocs\/wp-content\/plugins\/seo-by-rank-math\/assets\/admin\/img\/icon-play.png","position":"middle_center"},"gif":{"name":"GIF icon","url":"https:\/\/ideagro.es\/wp-content\/plugins\/seo-by-rank-math\/assets\/admin\/img\/icon-gif.png","path":"\/var\/www\/vhosts\/ideagro.es\/httpdocs\/wp-content\/plugins\/seo-by-rank-math\/assets\/admin\/img\/icon-gif.png","position":"middle_center"}},"defautOgImage":"https:\/\/ideagro.es\/wp-content\/plugins\/seo-by-rank-math\/assets\/admin\/img\/social-placeholder.jpg","customPermalinks":true,"isUserRegistered":false,"autoSuggestKeywords":false,"connectSiteUrl":"https:\/\/rankmath.com\/auth?site=https%3A%2F%2Fideagro.es%2Fpt&r=https%3A%2F%2Fideagro.es%2Fpt%2Fwp-json%2Fwp%2Fv2%2Fpages%2F2306%3Fnonce%3D3af60241dd","maxTags":5,"trendsIcon":"<svg viewBox=\"0 0 610 610\"><path d=\"M18.85,446,174.32,290.48l58.08,58.08L76.93,504a14.54,14.54,0,0,1-20.55,0L18.83,466.48a14.54,14.54,0,0,1,0-20.55Z\" style=\"fill:#4285f4\"\/><path d=\"M242.65,242.66,377.59,377.6l-47.75,47.75a14.54,14.54,0,0,1-20.55,0L174.37,290.43l47.75-47.75A14.52,14.52,0,0,1,242.65,242.66Z\" style=\"fill:#ea4335\"\/><polygon points=\"319.53 319.53 479.26 159.8 537.34 217.88 377.61 377.62 319.53 319.53\" style=\"fill:#fabb05\"\/><path d=\"M594.26,262.73V118.61h0a16.94,16.94,0,0,0-16.94-16.94H433.2a16.94,16.94,0,0,0-12,28.92L565.34,274.71h0a16.94,16.94,0,0,0,28.92-12Z\" style=\"fill:#34a853\"\/><rect width=\"610\" height=\"610\" style=\"fill:none\"\/><\/svg>","showScore":true,"siteFavIcon":"https:\/\/ideagro.es\/wp-content\/uploads\/2022\/02\/id-isotipo.svg","canUser":{"general":false,"advanced":false,"snippet":false,"social":false,"analysis":false,"analytics":false,"content_ai":false},"isPro":false,"is_front_page":false,"trendsUpgradeLink":"https:\/\/rankmath.com\/pricing\/?utm_source=Plugin&utm_medium=CE%20General%20Tab%20Trends&utm_campaign=WP","trendsUpgradeLabel":"Upgrade","trendsPreviewImage":"https:\/\/ideagro.es\/wp-content\/plugins\/seo-by-rank-math\/assets\/admin\/img\/trends-preview.jpg","currentEditor":false,"homepageData":{"assessor":{"powerWords":[],"diacritics":true,"researchesTests":["contentHasTOC","contentHasShortParagraphs","contentHasAssets","keywordInTitle","keywordInMetaDescription","keywordInPermalink","keywordIn10Percent","keywordInContent","keywordInSubheadings","keywordInImageAlt","keywordDensity","keywordNotUsed","lengthContent","lengthPermalink","linksHasInternal","linksHasExternals","linksNotAllExternals","titleStartWithKeyword","titleSentiment","titleHasPowerWords","titleHasNumber","hasContentAI"],"hasBreadcrumb":false,"serpData":{"title":"%sitename% %page% %sep% %sitedesc%","description":"","titleTemplate":"%sitename% %page% %sep% %sitedesc%","descriptionTemplate":"","focusKeywords":"","breadcrumbTitle":"Home","robots":{"index":true},"advancedRobots":[],"facebookTitle":"","facebookDescription":"","facebookImage":"","facebookImageID":""}}}},"_links":{"self":[{"href":"https:\/\/ideagro.es\/pt\/wp-json\/wp\/v2\/pages\/2306"}],"collection":[{"href":"https:\/\/ideagro.es\/pt\/wp-json\/wp\/v2\/pages"}],"about":[{"href":"https:\/\/ideagro.es\/pt\/wp-json\/wp\/v2\/types\/page"}],"author":[{"embeddable":true,"href":"https:\/\/ideagro.es\/pt\/wp-json\/wp\/v2\/users\/6"}],"replies":[{"embeddable":true,"href":"https:\/\/ideagro.es\/pt\/wp-json\/wp\/v2\/comments?post=2306"}],"version-history":[{"count":1,"href":"https:\/\/ideagro.es\/pt\/wp-json\/wp\/v2\/pages\/2306\/revisions"}],"predecessor-version":[{"id":2307,"href":"https:\/\/ideagro.es\/pt\/wp-json\/wp\/v2\/pages\/2306\/revisions\/2307"}],"wp:attachment":[{"href":"https:\/\/ideagro.es\/pt\/wp-json\/wp\/v2\/media?parent=2306"}],"curies":[{"name":"wp","href":"https:\/\/api.w.org\/{rel}","templated":true}]}}